{"id":2139,"date":"2022-01-20T15:45:53","date_gmt":"2022-01-20T14:45:53","guid":{"rendered":"https:\/\/preprod.solutions-esat.com\/?page_id=2139"},"modified":"2025-01-10T16:53:57","modified_gmt":"2025-01-10T15:53:57","slug":"contact","status":"publish","type":"page","link":"https:\/\/www.solutions-esat.com\/?page_id=2139","title":{"rendered":"Infos &#038; Devis"},"content":{"rendered":"\n\n<div class=\"wpcf7 no-js\" id=\"wpcf7-f3711-o1\" lang=\"fr-FR\" dir=\"ltr\" data-wpcf7-id=\"3711\">\n<div class=\"screen-reader-response\"><p role=\"status\" aria-live=\"polite\" aria-atomic=\"true\"><\/p> <ul><\/ul><\/div>\n<form action=\"\/index.php?rest_route=%2Fwp%2Fv2%2Fpages%2F2139#wpcf7-f3711-o1\" method=\"post\" class=\"wpcf7-form init\" aria-label=\"Formulaire de contact\" novalidate=\"novalidate\" data-status=\"init\">\n<fieldset class=\"hidden-fields-container\"><input type=\"hidden\" name=\"_wpcf7\" value=\"3711\" \/><input type=\"hidden\" name=\"_wpcf7_version\" value=\"6.1.5\" \/><input type=\"hidden\" name=\"_wpcf7_locale\" value=\"fr_FR\" \/><input type=\"hidden\" name=\"_wpcf7_unit_tag\" value=\"wpcf7-f3711-o1\" \/><input type=\"hidden\" name=\"_wpcf7_container_post\" value=\"0\" \/><input type=\"hidden\" name=\"_wpcf7_posted_data_hash\" value=\"\" \/>\n<\/fieldset>\n<div class=\"flex flex-wrap\">\n\t<div class=\"w-full\">\n\t\t<div class=\"half-input\">\n\t\t\t<p><label> Votre nom et pr\u00e9nom<span>*<\/span> <span class=\"wpcf7-form-control-wrap\" data-name=\"Noms\"><input size=\"40\" maxlength=\"400\" class=\"wpcf7-form-control wpcf7-text wpcf7-validates-as-required\" aria-required=\"true\" aria-invalid=\"false\" placeholder=\"Nom et pr\u00e9nom\" value=\"\" type=\"text\" name=\"Noms\" \/><\/span> <\/label>\n\t\t\t<\/p>\n\t\t<\/div>\n\t<\/div>\n\t<div class=\"half-input\">\n\t\t<p><label> Adresse<span>*<\/span> <span class=\"wpcf7-form-control-wrap\" data-name=\"Adress\"><input size=\"40\" maxlength=\"400\" class=\"wpcf7-form-control wpcf7-text wpcf7-validates-as-required\" aria-required=\"true\" aria-invalid=\"false\" placeholder=\"Adresse\" value=\"\" type=\"text\" name=\"Adress\" \/><\/span> <\/label>\n\t\t<\/p>\n\t<\/div>\n\t<div class=\"w-full md:w-1\/2 flex space-x-4\">\n\t\t<div class=\"w-1\/2\">\n\t\t\t<p><label> Code Postal <span class=\"wpcf7-form-control-wrap\" data-name=\"postal\"><input size=\"40\" maxlength=\"400\" class=\"wpcf7-form-control wpcf7-text\" aria-invalid=\"false\" placeholder=\"Code Postal\" value=\"\" type=\"text\" name=\"postal\" \/><\/span> <\/label>\n\t\t\t<\/p>\n\t\t<\/div>\n\t\t<div class=\"w-1\/2\">\n\t\t\t<p><label> Ville <span class=\"wpcf7-form-control-wrap\" data-name=\"city\"><input size=\"40\" maxlength=\"400\" class=\"wpcf7-form-control wpcf7-text\" aria-invalid=\"false\" placeholder=\"Ville\" value=\"\" type=\"text\" name=\"city\" \/><\/span> <\/label>\n\t\t\t<\/p>\n\t\t<\/div>\n\t<\/div>\n\t<div class=\"half-input\">\n\t\t<p><label> T\u00e9l\u00e9phone <span class=\"wpcf7-form-control-wrap\" data-name=\"tel\"><input size=\"40\" maxlength=\"400\" class=\"wpcf7-form-control wpcf7-tel wpcf7-text wpcf7-validates-as-tel\" aria-invalid=\"false\" placeholder=\"Votre num\u00e9ro de t\u00e9l\u00e9phone\" value=\"\" type=\"tel\" name=\"tel\" \/><\/span> <\/label>\n\t\t<\/p>\n\t<\/div>\n\t<div class=\"w-full md:w-1\/2\">\n\t\t<p><label> Email<span>*<\/span> <span class=\"wpcf7-form-control-wrap\" data-name=\"email\"><input size=\"40\" maxlength=\"400\" class=\"wpcf7-form-control wpcf7-email wpcf7-validates-as-required wpcf7-text wpcf7-validates-as-email\" aria-required=\"true\" aria-invalid=\"false\" placeholder=\"Votre adresse mail\" value=\"\" type=\"email\" name=\"email\" \/><\/span> <\/label>\n\t\t<\/p>\n\t<\/div>\n\t<div class=\"w-full\">\n\t\t<p><label> Message <span class=\"wpcf7-form-control-wrap\" data-name=\"textarea\"><textarea cols=\"40\" rows=\"10\" maxlength=\"2000\" class=\"wpcf7-form-control wpcf7-textarea\" aria-invalid=\"false\" placeholder=\"Votre message\" name=\"textarea\"><\/textarea><\/span> <\/label>\n\t\t<\/p>\n\t<\/div>\n\t<p><div class=\"cf7-cf-turnstile\" style=\"margin-top: 0px; margin-bottom: -15px;\"> <div id=\"cf-turnstile-cf7-475231785\" class=\"cf-turnstile\" data-sitekey=\"0x4AAAAAAACHKQKQXQFJaWxP\" data-theme=\"light\" data-language=\"auto\" data-size=\"\" data-retry=\"auto\" data-retry-interval=\"1000\" data-refresh-expired=\"auto\" data-action=\"contact-form-7\" data-appearance=\"always\"><\/div> <script>document.addEventListener(\"DOMContentLoaded\", function() { setTimeout(function(){ var e=document.getElementById(\"cf-turnstile-cf7-475231785\"); e&&!e.innerHTML.trim()&&(turnstile.remove(\"#cf-turnstile-cf7-475231785\"), turnstile.render(\"#cf-turnstile-cf7-475231785\", {sitekey:\"0x4AAAAAAACHKQKQXQFJaWxP\"})); }, 100); });<\/script> <br class=\"cf-turnstile-br cf-turnstile-br-cf7-475231785\"> <style>#cf-turnstile-cf7-475231785 { margin-left: -15px; }<\/style> <script>document.addEventListener(\"DOMContentLoaded\",function(){document.querySelectorAll('.wpcf7-form').forEach(function(e){e.addEventListener('submit',function(){if(document.getElementById('cf-turnstile-cf7-475231785')){setTimeout(function(){turnstile.reset('#cf-turnstile-cf7-475231785');},1000)}})})});<\/script> <\/div><br\/><input class=\"wpcf7-form-control wpcf7-submit has-spinner\" type=\"submit\" value=\"Envoyer\" \/><br \/>\n\t<\/p>\n\t<div style=\"font-size:12px;\">\n\t\t<p>* \u00ab Les donn\u00e9es \u00e0 caract\u00e8re personnel collect\u00e9es sont destin\u00e9es \u00e0 Solutions SEAT et sont utilis\u00e9es pour la gestion de votre recrutement en ligne. Solutions SEAT se fonde sur la n\u00e9cessit\u00e9 \u00e0 l\u2019ex\u00e9cution du contrat pour traiter vos donn\u00e9es. L\u2019acc\u00e8s aux donn\u00e9es est strictement limit\u00e9 aux collaborateurs de La Vie Active et Solutions SEAT en charge du traitement de votre candidature.\n\t\t<\/p>\n\t\t<p>Elles sont conserv\u00e9es pendant [dur\u00e9e de conservation des donn\u00e9es]. Conform\u00e9ment au R\u00e8glement (UE) 2016\/679 du 27 avril 2016 sur la protection des donn\u00e9es \u00e0 caract\u00e8re personnel et \u00e0 la loi \u00ab informatique et libert\u00e9s \u00bb du 6 janvier 1978 modifi\u00e9e, vous b\u00e9n\u00e9ficiez d\u2019un droit d\u2019acc\u00e8s, de rectification, d\u2019effacement, de portabilit\u00e9 et de limitation du traitement des donn\u00e9es vous concernant ainsi que du droit de communiquer des directives sur le sort de vos donn\u00e9es apr\u00e8s votre mort.\n\t\t<\/p>\n\t\t<p>Vous pouvez exercer vos droits en contactant le DPO de La vie active \u00e0 l\u2019adresse suivante : <a href=\"mailto:dpo@vieactive.asso.fr\">dpo@vieactive.asso.fr<\/a><br \/>\nPour en savoir plus sur la gestion de vos donn\u00e9es personnelles et pour exercer vos droits, veuillez consulter notre politique de confidentialit\u00e9 : <a href=\"https:\/\/www.solutions-esat.com\/mentions-legales\/\">politique de confidentialit\u00e9<\/a>.<br \/>\nSi vous estimez que vos droits n\u2019ont pas \u00e9t\u00e9 respect\u00e9s, vous pouvez introduire une r\u00e9clamation aupr\u00e8s de l\u2019Autorit\u00e9 de contr\u00f4le, \u00e0 savoir la Commission Nationale de l\u2019Informatique et des Libert\u00e9s (CNIL). \u00bb\n\t\t<\/p>\n\t<\/div>\n<\/div><div class=\"wpcf7-response-output\" aria-hidden=\"true\"><\/div>\n<\/form>\n<\/div>\n\n","protected":false},"excerpt":{"rendered":"","protected":false},"author":1,"featured_media":2096,"parent":0,"menu_order":6,"comment_status":"closed","ping_status":"closed","template":"","meta":{"footnotes":""},"class_list":["post-2139","page","type-page","status-publish","has-post-thumbnail","hentry"],"yoast_head":"<!-- This site is optimized with the Yoast SEO plugin v27.2 - https:\/\/yoast.com\/product\/yoast-seo-wordpress\/ -->\n<title>Infos &amp; Devis - Solutions ESAT<\/title>\n<meta name=\"robots\" content=\"index, follow, max-snippet:-1, max-image-preview:large, max-video-preview:-1\" \/>\n<link rel=\"canonical\" href=\"https:\/\/www.solutions-esat.com\/?page_id=2139\" \/>\n<meta property=\"og:locale\" content=\"fr_FR\" \/>\n<meta property=\"og:type\" content=\"article\" \/>\n<meta property=\"og:title\" content=\"Infos &amp; Devis - Solutions ESAT\" \/>\n<meta property=\"og:url\" content=\"https:\/\/www.solutions-esat.com\/?page_id=2139\" \/>\n<meta property=\"og:site_name\" content=\"Solutions ESAT\" \/>\n<meta property=\"article:modified_time\" content=\"2025-01-10T15:53:57+00:00\" \/>\n<meta property=\"og:image\" content=\"https:\/\/www.solutions-esat.com\/wp-content\/uploads\/2022\/01\/bgcontact-1-2.jpg\" \/>\n\t<meta property=\"og:image:width\" content=\"2163\" \/>\n\t<meta property=\"og:image:height\" content=\"939\" \/>\n\t<meta property=\"og:image:type\" content=\"image\/jpeg\" \/>\n<meta name=\"twitter:card\" content=\"summary_large_image\" \/>\n<meta name=\"twitter:label1\" content=\"Dur\u00e9e de lecture estim\u00e9e\" \/>\n\t<meta name=\"twitter:data1\" content=\"1 minute\" \/>\n<script type=\"application\/ld+json\" class=\"yoast-schema-graph\">{\"@context\":\"https:\/\/schema.org\",\"@graph\":[{\"@type\":\"WebPage\",\"@id\":\"https:\/\/www.solutions-esat.com\/?page_id=2139\",\"url\":\"https:\/\/www.solutions-esat.com\/?page_id=2139\",\"name\":\"Infos & Devis - Solutions ESAT\",\"isPartOf\":{\"@id\":\"https:\/\/www.solutions-esat.com\/#website\"},\"primaryImageOfPage\":{\"@id\":\"https:\/\/www.solutions-esat.com\/?page_id=2139#primaryimage\"},\"image\":{\"@id\":\"https:\/\/www.solutions-esat.com\/?page_id=2139#primaryimage\"},\"thumbnailUrl\":\"https:\/\/www.solutions-esat.com\/wp-content\/uploads\/2022\/01\/bgcontact-1-2.jpg\",\"datePublished\":\"2022-01-20T14:45:53+00:00\",\"dateModified\":\"2025-01-10T15:53:57+00:00\",\"breadcrumb\":{\"@id\":\"https:\/\/www.solutions-esat.com\/?page_id=2139#breadcrumb\"},\"inLanguage\":\"fr-FR\",\"potentialAction\":[{\"@type\":\"ReadAction\",\"target\":[\"https:\/\/www.solutions-esat.com\/?page_id=2139\"]}]},{\"@type\":\"ImageObject\",\"inLanguage\":\"fr-FR\",\"@id\":\"https:\/\/www.solutions-esat.com\/?page_id=2139#primaryimage\",\"url\":\"https:\/\/www.solutions-esat.com\/wp-content\/uploads\/2022\/01\/bgcontact-1-2.jpg\",\"contentUrl\":\"https:\/\/www.solutions-esat.com\/wp-content\/uploads\/2022\/01\/bgcontact-1-2.jpg\",\"width\":2163,\"height\":939},{\"@type\":\"BreadcrumbList\",\"@id\":\"https:\/\/www.solutions-esat.com\/?page_id=2139#breadcrumb\",\"itemListElement\":[{\"@type\":\"ListItem\",\"position\":1,\"name\":\"Accueil\",\"item\":\"https:\/\/www.solutions-esat.com\/\"},{\"@type\":\"ListItem\",\"position\":2,\"name\":\"Infos &#038; Devis\"}]},{\"@type\":\"WebSite\",\"@id\":\"https:\/\/www.solutions-esat.com\/#website\",\"url\":\"https:\/\/www.solutions-esat.com\/\",\"name\":\"Solutions ESAT\",\"description\":\"Votre partenaire sous-traitance industrielle, conditionnement, assemblage\",\"potentialAction\":[{\"@type\":\"SearchAction\",\"target\":{\"@type\":\"EntryPoint\",\"urlTemplate\":\"https:\/\/www.solutions-esat.com\/?s={search_term_string}\"},\"query-input\":{\"@type\":\"PropertyValueSpecification\",\"valueRequired\":true,\"valueName\":\"search_term_string\"}}],\"inLanguage\":\"fr-FR\"}]}<\/script>\n<!-- \/ Yoast SEO plugin. -->","yoast_head_json":{"title":"Infos & Devis - Solutions ESAT","robots":{"index":"index","follow":"follow","max-snippet":"max-snippet:-1","max-image-preview":"max-image-preview:large","max-video-preview":"max-video-preview:-1"},"canonical":"https:\/\/www.solutions-esat.com\/?page_id=2139","og_locale":"fr_FR","og_type":"article","og_title":"Infos & Devis - Solutions ESAT","og_url":"https:\/\/www.solutions-esat.com\/?page_id=2139","og_site_name":"Solutions ESAT","article_modified_time":"2025-01-10T15:53:57+00:00","og_image":[{"width":2163,"height":939,"url":"https:\/\/www.solutions-esat.com\/wp-content\/uploads\/2022\/01\/bgcontact-1-2.jpg","type":"image\/jpeg"}],"twitter_card":"summary_large_image","twitter_misc":{"Dur\u00e9e de lecture estim\u00e9e":"1 minute"},"schema":{"@context":"https:\/\/schema.org","@graph":[{"@type":"WebPage","@id":"https:\/\/www.solutions-esat.com\/?page_id=2139","url":"https:\/\/www.solutions-esat.com\/?page_id=2139","name":"Infos & Devis - Solutions ESAT","isPartOf":{"@id":"https:\/\/www.solutions-esat.com\/#website"},"primaryImageOfPage":{"@id":"https:\/\/www.solutions-esat.com\/?page_id=2139#primaryimage"},"image":{"@id":"https:\/\/www.solutions-esat.com\/?page_id=2139#primaryimage"},"thumbnailUrl":"https:\/\/www.solutions-esat.com\/wp-content\/uploads\/2022\/01\/bgcontact-1-2.jpg","datePublished":"2022-01-20T14:45:53+00:00","dateModified":"2025-01-10T15:53:57+00:00","breadcrumb":{"@id":"https:\/\/www.solutions-esat.com\/?page_id=2139#breadcrumb"},"inLanguage":"fr-FR","potentialAction":[{"@type":"ReadAction","target":["https:\/\/www.solutions-esat.com\/?page_id=2139"]}]},{"@type":"ImageObject","inLanguage":"fr-FR","@id":"https:\/\/www.solutions-esat.com\/?page_id=2139#primaryimage","url":"https:\/\/www.solutions-esat.com\/wp-content\/uploads\/2022\/01\/bgcontact-1-2.jpg","contentUrl":"https:\/\/www.solutions-esat.com\/wp-content\/uploads\/2022\/01\/bgcontact-1-2.jpg","width":2163,"height":939},{"@type":"BreadcrumbList","@id":"https:\/\/www.solutions-esat.com\/?page_id=2139#breadcrumb","itemListElement":[{"@type":"ListItem","position":1,"name":"Accueil","item":"https:\/\/www.solutions-esat.com\/"},{"@type":"ListItem","position":2,"name":"Infos &#038; Devis"}]},{"@type":"WebSite","@id":"https:\/\/www.solutions-esat.com\/#website","url":"https:\/\/www.solutions-esat.com\/","name":"Solutions ESAT","description":"Votre partenaire sous-traitance industrielle, conditionnement, assemblage","potentialAction":[{"@type":"SearchAction","target":{"@type":"EntryPoint","urlTemplate":"https:\/\/www.solutions-esat.com\/?s={search_term_string}"},"query-input":{"@type":"PropertyValueSpecification","valueRequired":true,"valueName":"search_term_string"}}],"inLanguage":"fr-FR"}]}},"_links":{"self":[{"href":"https:\/\/www.solutions-esat.com\/index.php?rest_route=\/wp\/v2\/pages\/2139","targetHints":{"allow":["GET"]}}],"collection":[{"href":"https:\/\/www.solutions-esat.com\/index.php?rest_route=\/wp\/v2\/pages"}],"about":[{"href":"https:\/\/www.solutions-esat.com\/index.php?rest_route=\/wp\/v2\/types\/page"}],"author":[{"embeddable":true,"href":"https:\/\/www.solutions-esat.com\/index.php?rest_route=\/wp\/v2\/users\/1"}],"replies":[{"embeddable":true,"href":"https:\/\/www.solutions-esat.com\/index.php?rest_route=%2Fwp%2Fv2%2Fcomments&post=2139"}],"version-history":[{"count":5,"href":"https:\/\/www.solutions-esat.com\/index.php?rest_route=\/wp\/v2\/pages\/2139\/revisions"}],"predecessor-version":[{"id":4330,"href":"https:\/\/www.solutions-esat.com\/index.php?rest_route=\/wp\/v2\/pages\/2139\/revisions\/4330"}],"wp:featuredmedia":[{"embeddable":true,"href":"https:\/\/www.solutions-esat.com\/index.php?rest_route=\/wp\/v2\/media\/2096"}],"wp:attachment":[{"href":"https:\/\/www.solutions-esat.com\/index.php?rest_route=%2Fwp%2Fv2%2Fmedia&parent=2139"}],"curies":[{"name":"wp","href":"https:\/\/api.w.org\/{rel}","templated":true}]}}